{"id":3,"date":"2024-05-06T12:26:35","date_gmt":"2024-05-06T12:26:35","guid":{"rendered":"http:\/\/kajaklak.hu\/site\/?page_id=3"},"modified":"2024-07-05T05:54:15","modified_gmt":"2024-07-05T03:54:15","slug":"privacy-policy","status":"publish","type":"page","link":"https:\/\/kajaklak.hu\/?page_id=3","title":{"rendered":"Jogi nyilatkozatok"},"content":{"rendered":"\n<h1 class=\"wp-block-heading has-large-font-size\">Adatkezel\u00e9si t\u00e1j\u00e9koztat\u00f3 \u00e9s s\u00fcti szab\u00e1lyzat<\/h1>\n\n\n\n<p>Az oldal c\u00edme https:\/\/kajaklak.hu, ezt az oldalt Nagyist\u00f3k N\u00f3ra egy\u00e9ni v\u00e1llalkoz\u00f3 \u00fczemelteti.<\/p>\n\n\n\n<p>Az oldalt sz\u00e1nd\u00e9kosan igyekezt\u00fcnk a lehet\u0151 legegyszer\u0171bbre k\u00e9sz\u00edteni.<br>Nincs lehet\u0151s\u00e9g regisztr\u00e1ci\u00f3ra, bejelentkez\u00e9sre, hozz\u00e1sz\u00f3l\u00e1sra, stb.<br>Ennek megfelel\u0151en maga az oldal adatokat nem gy\u0171jt, s\u00fctikb\u0151l (cookie) csak a WordPress alap m\u0171k\u00f6d\u00e9s\u00e9hez sz\u00fcks\u00e9geseket haszn\u00e1lja, melyek nem kikapcsolhat\u00f3ak.<br>Komolyabb s\u00fctik csak az oldal szerkeszt\u0151inek g\u00e9p\u00e9re ker\u00fclnek.<\/p>\n\n\n\n<p>Ha az oldal k\u00e9s\u0151bb esetleg gy\u0171jt b\u00e1rmilyen adatot, azt csak a felhaszn\u00e1l\u00f3 egy\u00e9rtelm\u0171 \u00e9s akt\u00edv beleegyez\u00e9s\u00e9vel teszi.<br>Harmadik szem\u00e9lynek b\u00e1rmilyen felhaszn\u00e1l\u00f3i adat csak t\u00f6rv\u00e9nyi k\u00f6telezetts\u00e9g alapj\u00e1n ker\u00fclhet \u00e1tad\u00e1sra.<\/p>\n\n\n\n<h1 class=\"wp-block-heading has-large-font-size\">Szerz\u0151i jogok<\/h1>\n\n\n\n<p>Az oldalon m\u00e1s szellemi term\u00e9ke csak a tulajdonos beleegyez\u00e9s\u00e9vel \u00e9s megnevez\u00e9s\u00e9vel ker\u00fcl felhaszn\u00e1l\u00e1sra. Minden egy\u00e9b tartalom az oldal tulajdonos\u00e1nak term\u00e9ke \u00e9s tulajdona.<\/p>\n\n\n\n<p>B\u00e1rmilyen tartalom (sz\u00f6veg, k\u00e9p, vide\u00f3, stb.) csak annak tulajdonos\u00e1nak beleegyez\u00e9s\u00e9vel ker\u00fclhet m\u00e1s \u00e1ltal felhaszn\u00e1l\u00e1sra.<\/p>\n","protected":false},"excerpt":{"rendered":"<p>Adatkezel\u00e9si t\u00e1j\u00e9koztat\u00f3 \u00e9s s\u00fcti szab\u00e1lyzat Az oldal c\u00edme https:\/\/kajaklak.hu, ezt az oldalt Nagyist\u00f3k N\u00f3ra egy\u00e9ni v\u00e1llalkoz\u00f3 \u00fczemelteti. Az oldalt sz\u00e1nd\u00e9kosan igyekezt\u00fcnk a lehet\u0151 legegyszer\u0171bbre k\u00e9sz\u00edteni.Nincs lehet\u0151s\u00e9g regisztr\u00e1ci\u00f3ra, bejelentkez\u00e9sre, hozz\u00e1sz\u00f3l\u00e1sra, stb.Ennek megfelel\u0151en maga az oldal adatokat nem gy\u0171jt, s\u00fctikb\u0151l (cookie) csak a WordPress alap m\u0171k\u00f6d\u00e9s\u00e9hez sz\u00fcks\u00e9geseket haszn\u00e1lja, melyek nem kikapcsolhat\u00f3ak.Komolyabb s\u00fctik csak az oldal szerkeszt\u0151inek g\u00e9p\u00e9re &#8230; <a title=\"Jogi nyilatkozatok\" class=\"read-more\" href=\"https:\/\/kajaklak.hu\/?page_id=3\" aria-label=\"Read more about Jogi nyilatkozatok\">Read more<\/a><\/p>\n","protected":false},"author":1,"featured_media":0,"parent":0,"menu_order":0,"comment_status":"closed","ping_status":"open","template":"","meta":{"footnotes":""},"class_list":["post-3","page","type-page","status-publish"],"_links":{"self":[{"href":"https:\/\/kajaklak.hu\/index.php?rest_route=\/wp\/v2\/pages\/3","targetHints":{"allow":["GET"]}}],"collection":[{"href":"https:\/\/kajaklak.hu\/index.php?rest_route=\/wp\/v2\/pages"}],"about":[{"href":"https:\/\/kajaklak.hu\/index.php?rest_route=\/wp\/v2\/types\/page"}],"author":[{"embeddable":true,"href":"https:\/\/kajaklak.hu\/index.php?rest_route=\/wp\/v2\/users\/1"}],"replies":[{"embeddable":true,"href":"https:\/\/kajaklak.hu\/index.php?rest_route=%2Fwp%2Fv2%2Fcomments&post=3"}],"version-history":[{"count":9,"href":"https:\/\/kajaklak.hu\/index.php?rest_route=\/wp\/v2\/pages\/3\/revisions"}],"predecessor-version":[{"id":154,"href":"https:\/\/kajaklak.hu\/index.php?rest_route=\/wp\/v2\/pages\/3\/revisions\/154"}],"wp:attachment":[{"href":"https:\/\/kajaklak.hu\/index.php?rest_route=%2Fwp%2Fv2%2Fmedia&parent=3"}],"curies":[{"name":"wp","href":"https:\/\/api.w.org\/{rel}","templated":true}]}}