{"id":16,"date":"2024-05-25T16:16:56","date_gmt":"2024-05-25T14:16:56","guid":{"rendered":"https:\/\/kajaklak.hu\/?page_id=16"},"modified":"2024-07-04T00:53:51","modified_gmt":"2024-07-03T22:53:51","slug":"kajaklak","status":"publish","type":"page","link":"https:\/\/kajaklak.hu\/","title":{"rendered":"F\u0151oldal"},"content":{"rendered":"<div class=\"wp-block-image\">\n<figure class=\"aligncenter size-large is-resized\"><img loading=\"lazy\" decoding=\"async\" width=\"1024\" height=\"1020\" src=\"https:\/\/kajaklak.hu\/uploads-kajaklak\/hatter-nelkuli-4000x4000-2-1024x1020.png\" alt=\"\" class=\"wp-image-58\" style=\"width:212px;height:auto\" srcset=\"https:\/\/kajaklak.hu\/uploads-kajaklak\/hatter-nelkuli-4000x4000-2-1024x1020.png 1024w, https:\/\/kajaklak.hu\/uploads-kajaklak\/hatter-nelkuli-4000x4000-2-300x300.png 300w, https:\/\/kajaklak.hu\/uploads-kajaklak\/hatter-nelkuli-4000x4000-2-150x150.png 150w, https:\/\/kajaklak.hu\/uploads-kajaklak\/hatter-nelkuli-4000x4000-2-768x765.png 768w, https:\/\/kajaklak.hu\/uploads-kajaklak\/hatter-nelkuli-4000x4000-2-1536x1529.png 1536w, https:\/\/kajaklak.hu\/uploads-kajaklak\/hatter-nelkuli-4000x4000-2-2048x2039.png 2048w\" sizes=\"auto, (max-width: 1024px) 100vw, 1024px\" \/><\/figure>\n<\/div>\n\n\n<p class=\"has-text-align-center has-medium-font-size\"><br>Szeretettel v\u00e1r mindenkit a KajakLak k\u00f6zvetlen\u00fcl a Kis-Duna partj\u00e1n Szigetszentmikl\u00f3son.<br>Min\u0151s\u00e9gi, k\u00e9nyelmes kajakokkal sz\u00e1llhat v\u00edzre kicsi \u00e9s nagy, teljesen kezd\u0151 \u00e9s gyakorlottabb v\u00edzkedvel\u0151 is.<br>Aki tudja milyen kajakb\u00f3l r\u00e1csod\u00e1lkozni a v\u00edzi vil\u00e1gra az\u00e9rt, akinek m\u00e9g nem volt r\u00e9sze ebben a csod\u00e1ban az\u00e9rt l\u00e1togasson el ide!<br>V\u00e1r a v\u00edz!<br><br><strong>Bejelentkez\u00e9s:<br>+36 20 321 6974<\/strong><\/p>\n\n\n\n<p class=\"has-text-align-center has-medium-font-size\"><strong>Helysz\u00edn:<\/strong><br><strong>2310, Szigetszentmikl\u00f3s, R\u00e9v \u00fat 185\/A<\/strong><\/p>\n\n\n\n<iframe src=\"https:\/\/www.google.com\/maps\/embed?pb=!1m18!1m12!1m3!1d2702.706969200482!2d19.074683175359123!3d47.359118705036025!2m3!1f0!2f0!3f0!3m2!1i1024!2i768!4f13.1!3m3!1m2!1s0x4741e90044e1a245%3A0x41cadede7f156977!2sKajakLak!5e0!3m2!1shu!2shu!4v1719316705865!5m2!1shu!2shu\" width=\"400\" height=\"300\" style=\"border:0;display:block;margin:auto\" allowfullscreen=\"\" loading=\"lazy\" referrerpolicy=\"no-referrer-when-downgrade\"><\/iframe>\n\n\n\n<p><\/p>\n\n\n\n<p><\/p>\n\n\n\n<p class=\"has-text-align-center has-medium-font-size\">Ha ezt l\u00e1tod, meg\u00e9rkezt\u00e9l az \u00fatr\u00f3l<\/p>\n\n\n<div class=\"wp-block-image\">\n<figure class=\"aligncenter size-large is-resized\"><img loading=\"lazy\" decoding=\"async\" width=\"835\" height=\"1024\" src=\"https:\/\/kajaklak.hu\/uploads-kajaklak\/1000003173-835x1024.jpg\" alt=\"\" class=\"wp-image-146\" style=\"width:361px;height:auto\" srcset=\"https:\/\/kajaklak.hu\/uploads-kajaklak\/1000003173-835x1024.jpg 835w, https:\/\/kajaklak.hu\/uploads-kajaklak\/1000003173-245x300.jpg 245w, https:\/\/kajaklak.hu\/uploads-kajaklak\/1000003173-768x942.jpg 768w, https:\/\/kajaklak.hu\/uploads-kajaklak\/1000003173-1253x1536.jpg 1253w, https:\/\/kajaklak.hu\/uploads-kajaklak\/1000003173-1670x2048.jpg 1670w\" sizes=\"auto, (max-width: 835px) 100vw, 835px\" \/><\/figure>\n<\/div>\n\n\n<p><\/p>\n\n\n\n<p><\/p>\n\n\n\n<p><\/p>\n\n\n\n<p class=\"has-text-align-center has-medium-font-size\">vagy a v\u00edzr\u0151l<\/p>\n\n\n<div class=\"wp-block-image\">\n<figure class=\"aligncenter size-large is-resized\"><img loading=\"lazy\" decoding=\"async\" width=\"771\" height=\"1024\" src=\"https:\/\/kajaklak.hu\/uploads-kajaklak\/1000003171-771x1024.jpg\" alt=\"\" class=\"wp-image-147\" style=\"width:365px;height:auto\" srcset=\"https:\/\/kajaklak.hu\/uploads-kajaklak\/1000003171-771x1024.jpg 771w, https:\/\/kajaklak.hu\/uploads-kajaklak\/1000003171-226x300.jpg 226w, https:\/\/kajaklak.hu\/uploads-kajaklak\/1000003171-768x1020.jpg 768w, https:\/\/kajaklak.hu\/uploads-kajaklak\/1000003171-1157x1536.jpg 1157w, https:\/\/kajaklak.hu\/uploads-kajaklak\/1000003171-1542x2048.jpg 1542w, https:\/\/kajaklak.hu\/uploads-kajaklak\/1000003171-scaled.jpg 1928w\" sizes=\"auto, (max-width: 771px) 100vw, 771px\" \/><\/figure>\n<\/div>\n\n\n<p><\/p>\n\n\n\n<p><\/p>\n\n\n<div class=\"wp-block-image\">\n<figure class=\"aligncenter size-full is-resized\"><img loading=\"lazy\" decoding=\"async\" width=\"337\" height=\"197\" src=\"https:\/\/kajaklak.hu\/uploads-kajaklak\/Kepkivagas-2.png\" alt=\"\" class=\"wp-image-101\" style=\"width:436px;height:auto\" srcset=\"https:\/\/kajaklak.hu\/uploads-kajaklak\/Kepkivagas-2.png 337w, https:\/\/kajaklak.hu\/uploads-kajaklak\/Kepkivagas-2-300x175.png 300w\" sizes=\"auto, (max-width: 337px) 100vw, 337px\" \/><\/figure>\n<\/div>\n\n\n<p><\/p>\n\n\n<div class=\"wp-block-image\">\n<figure class=\"aligncenter size-large\"><img loading=\"lazy\" decoding=\"async\" width=\"771\" height=\"1024\" src=\"https:\/\/kajaklak.hu\/uploads-kajaklak\/1000002963-2-771x1024.jpg\" alt=\"\" class=\"wp-image-72\" srcset=\"https:\/\/kajaklak.hu\/uploads-kajaklak\/1000002963-2-771x1024.jpg 771w, https:\/\/kajaklak.hu\/uploads-kajaklak\/1000002963-2-226x300.jpg 226w, https:\/\/kajaklak.hu\/uploads-kajaklak\/1000002963-2-768x1020.jpg 768w, https:\/\/kajaklak.hu\/uploads-kajaklak\/1000002963-2-1157x1536.jpg 1157w, https:\/\/kajaklak.hu\/uploads-kajaklak\/1000002963-2-1542x2048.jpg 1542w, https:\/\/kajaklak.hu\/uploads-kajaklak\/1000002963-2-scaled.jpg 1928w\" sizes=\"auto, (max-width: 771px) 100vw, 771px\" \/><\/figure>\n<\/div>\n\n\n<p><\/p>\n\n\n\n<p><\/p>\n\n\n<div class=\"wp-block-image\">\n<figure class=\"aligncenter size-large\"><img loading=\"lazy\" decoding=\"async\" width=\"1024\" height=\"771\" src=\"https:\/\/kajaklak.hu\/uploads-kajaklak\/1000002968-1024x771.jpg\" alt=\"\" class=\"wp-image-75\" srcset=\"https:\/\/kajaklak.hu\/uploads-kajaklak\/1000002968-1024x771.jpg 1024w, https:\/\/kajaklak.hu\/uploads-kajaklak\/1000002968-300x226.jpg 300w, https:\/\/kajaklak.hu\/uploads-kajaklak\/1000002968-768x578.jpg 768w, https:\/\/kajaklak.hu\/uploads-kajaklak\/1000002968-1536x1157.jpg 1536w, https:\/\/kajaklak.hu\/uploads-kajaklak\/1000002968-2048x1542.jpg 2048w\" sizes=\"auto, (max-width: 1024px) 100vw, 1024px\" \/><\/figure>\n<\/div>\n\n\n<p><\/p>\n\n\n\n<p><\/p>\n\n\n<div class=\"wp-block-image\">\n<figure class=\"aligncenter size-large\"><img loading=\"lazy\" decoding=\"async\" width=\"771\" height=\"1024\" src=\"https:\/\/kajaklak.hu\/uploads-kajaklak\/1000002980-771x1024.jpg\" alt=\"\" class=\"wp-image-77\" srcset=\"https:\/\/kajaklak.hu\/uploads-kajaklak\/1000002980-771x1024.jpg 771w, https:\/\/kajaklak.hu\/uploads-kajaklak\/1000002980-226x300.jpg 226w, https:\/\/kajaklak.hu\/uploads-kajaklak\/1000002980-768x1020.jpg 768w, https:\/\/kajaklak.hu\/uploads-kajaklak\/1000002980-1157x1536.jpg 1157w, https:\/\/kajaklak.hu\/uploads-kajaklak\/1000002980-1542x2048.jpg 1542w, https:\/\/kajaklak.hu\/uploads-kajaklak\/1000002980-scaled.jpg 1928w\" sizes=\"auto, (max-width: 771px) 100vw, 771px\" \/><\/figure>\n<\/div>\n\n\n<p><\/p>\n\n\n\n<p><\/p>\n\n\n<div class=\"wp-block-image\">\n<figure class=\"aligncenter size-large\"><img loading=\"lazy\" decoding=\"async\" width=\"771\" height=\"1024\" src=\"https:\/\/kajaklak.hu\/uploads-kajaklak\/IMG_20240520_144951-771x1024.jpg\" alt=\"\" class=\"wp-image-80\" srcset=\"https:\/\/kajaklak.hu\/uploads-kajaklak\/IMG_20240520_144951-771x1024.jpg 771w, https:\/\/kajaklak.hu\/uploads-kajaklak\/IMG_20240520_144951-226x300.jpg 226w, https:\/\/kajaklak.hu\/uploads-kajaklak\/IMG_20240520_144951-768x1020.jpg 768w, https:\/\/kajaklak.hu\/uploads-kajaklak\/IMG_20240520_144951-1157x1536.jpg 1157w, https:\/\/kajaklak.hu\/uploads-kajaklak\/IMG_20240520_144951-1542x2048.jpg 1542w, https:\/\/kajaklak.hu\/uploads-kajaklak\/IMG_20240520_144951-scaled.jpg 1928w\" sizes=\"auto, (max-width: 771px) 100vw, 771px\" \/><\/figure>\n<\/div>\n\n\n<p><\/p>\n\n\n\n<p><\/p>\n\n\n<div class=\"wp-block-image\">\n<figure class=\"aligncenter size-large\"><img loading=\"lazy\" decoding=\"async\" width=\"1024\" height=\"771\" src=\"https:\/\/kajaklak.hu\/uploads-kajaklak\/1000002982-1024x771.jpg\" alt=\"\" class=\"wp-image-83\" srcset=\"https:\/\/kajaklak.hu\/uploads-kajaklak\/1000002982-1024x771.jpg 1024w, https:\/\/kajaklak.hu\/uploads-kajaklak\/1000002982-300x226.jpg 300w, https:\/\/kajaklak.hu\/uploads-kajaklak\/1000002982-768x578.jpg 768w, https:\/\/kajaklak.hu\/uploads-kajaklak\/1000002982-1536x1157.jpg 1536w, https:\/\/kajaklak.hu\/uploads-kajaklak\/1000002982-2048x1542.jpg 2048w\" sizes=\"auto, (max-width: 1024px) 100vw, 1024px\" \/><\/figure>\n<\/div>\n\n\n<p><\/p>\n\n\n\n<p><\/p>\n\n\n<div class=\"wp-block-image\">\n<figure class=\"aligncenter size-large\"><img loading=\"lazy\" decoding=\"async\" width=\"1024\" height=\"771\" src=\"https:\/\/kajaklak.hu\/uploads-kajaklak\/1000002977-1024x771.jpg\" alt=\"\" class=\"wp-image-86\" srcset=\"https:\/\/kajaklak.hu\/uploads-kajaklak\/1000002977-1024x771.jpg 1024w, https:\/\/kajaklak.hu\/uploads-kajaklak\/1000002977-300x226.jpg 300w, https:\/\/kajaklak.hu\/uploads-kajaklak\/1000002977-768x578.jpg 768w, https:\/\/kajaklak.hu\/uploads-kajaklak\/1000002977-1536x1157.jpg 1536w, https:\/\/kajaklak.hu\/uploads-kajaklak\/1000002977-2048x1542.jpg 2048w\" sizes=\"auto, (max-width: 1024px) 100vw, 1024px\" \/><\/figure>\n<\/div>\n\n\n<p><\/p>\n\n\n\n<p><\/p>\n\n\n\n<p class=\"has-text-align-center has-medium-font-size\"><strong>info@kajaklak.hu<\/strong><\/p>\n\n\n<div class=\"wp-block-image is-style-rounded\">\n<figure class=\"aligncenter size-full is-resized\"><a href=\"https:\/\/www.facebook.com\/profile.php?id=61560446101324&amp;sk=about\"><img loading=\"lazy\" decoding=\"async\" width=\"256\" height=\"256\" src=\"http:\/\/kajaklak.hu\/uploads-kajaklak\/facebook.256x256.png\" alt=\"\" class=\"wp-image-113\" style=\"width:38px;height:auto\" srcset=\"https:\/\/kajaklak.hu\/uploads-kajaklak\/facebook.256x256.png 256w, https:\/\/kajaklak.hu\/uploads-kajaklak\/facebook.256x256-150x150.png 150w\" sizes=\"auto, (max-width: 256px) 100vw, 256px\" \/><\/a><\/figure>\n<\/div>\n\n\n<p><\/p>\n\n\n<div class=\"wp-block-image is-style-rounded\">\n<figure class=\"aligncenter size-full is-resized\"><a href=\"https:\/\/www.instagram.com\/kajak_lak\/\"><img loading=\"lazy\" decoding=\"async\" width=\"300\" height=\"300\" src=\"https:\/\/kajaklak.hu\/uploads-kajaklak\/insta.png\" alt=\"\" class=\"wp-image-134\" style=\"width:42px;height:auto\" srcset=\"https:\/\/kajaklak.hu\/uploads-kajaklak\/insta.png 300w, https:\/\/kajaklak.hu\/uploads-kajaklak\/insta-150x150.png 150w\" sizes=\"auto, (max-width: 300px) 100vw, 300px\" \/><\/a><\/figure>\n<\/div>","protected":false},"excerpt":{"rendered":"<p>Szeretettel v\u00e1r mindenkit a KajakLak k\u00f6zvetlen\u00fcl a Kis-Duna partj\u00e1n Szigetszentmikl\u00f3son.Min\u0151s\u00e9gi, k\u00e9nyelmes kajakokkal sz\u00e1llhat v\u00edzre kicsi \u00e9s nagy, teljesen kezd\u0151 \u00e9s gyakorlottabb v\u00edzkedvel\u0151 is.Aki tudja milyen kajakb\u00f3l r\u00e1csod\u00e1lkozni a v\u00edzi vil\u00e1gra az\u00e9rt, akinek m\u00e9g nem volt r\u00e9sze ebben a csod\u00e1ban az\u00e9rt l\u00e1togasson el ide!V\u00e1r a v\u00edz! Bejelentkez\u00e9s:+36 20 321 6974 Helysz\u00edn:2310, Szigetszentmikl\u00f3s, R\u00e9v \u00fat 185\/A Ha &#8230; <a title=\"F\u0151oldal\" class=\"read-more\" href=\"https:\/\/kajaklak.hu\/\" aria-label=\"Read more about F\u0151oldal\">Read more<\/a><\/p>\n","protected":false},"author":1,"featured_media":0,"parent":0,"menu_order":0,"comment_status":"closed","ping_status":"closed","template":"","meta":{"footnotes":""},"class_list":["post-16","page","type-page","status-publish"],"_links":{"self":[{"href":"https:\/\/kajaklak.hu\/index.php?rest_route=\/wp\/v2\/pages\/16","targetHints":{"allow":["GET"]}}],"collection":[{"href":"https:\/\/kajaklak.hu\/index.php?rest_route=\/wp\/v2\/pages"}],"about":[{"href":"https:\/\/kajaklak.hu\/index.php?rest_route=\/wp\/v2\/types\/page"}],"author":[{"embeddable":true,"href":"https:\/\/kajaklak.hu\/index.php?rest_route=\/wp\/v2\/users\/1"}],"replies":[{"embeddable":true,"href":"https:\/\/kajaklak.hu\/index.php?rest_route=%2Fwp%2Fv2%2Fcomments&post=16"}],"version-history":[{"count":55,"href":"https:\/\/kajaklak.hu\/index.php?rest_route=\/wp\/v2\/pages\/16\/revisions"}],"predecessor-version":[{"id":152,"href":"https:\/\/kajaklak.hu\/index.php?rest_route=\/wp\/v2\/pages\/16\/revisions\/152"}],"wp:attachment":[{"href":"https:\/\/kajaklak.hu\/index.php?rest_route=%2Fwp%2Fv2%2Fmedia&parent=16"}],"curies":[{"name":"wp","href":"https:\/\/api.w.org\/{rel}","templated":true}]}}